{"id":242,"date":"2018-03-09T16:36:43","date_gmt":"2018-03-09T16:36:43","guid":{"rendered":"http:\/\/wordpress.p449769.webspaceconfig.de\/?page_id=242"},"modified":"2021-01-26T08:33:49","modified_gmt":"2021-01-26T07:33:49","slug":"rohrformteile","status":"publish","type":"page","link":"https:\/\/steinergmbh.de\/en\/tube-forming-parts\/","title":{"rendered":"Tube forming parts"},"content":{"rendered":"\t\t<div data-elementor-type=\"wp-post\" data-elementor-id=\"242\" class=\"elementor elementor-242\" data-elementor-post-type=\"page\">\n\t\t\t\t\t\t<section class=\"elementor-section elementor-top-section elementor-element elementor-element-5065ea3c elementor-section-content-middle elementor-section-full_width elementor-section-height-default elementor-section-height-default elementor-invisible\" data-id=\"5065ea3c\" data-element_type=\"section\" data-e-type=\"section\" data-settings=\"{&quot;background_background&quot;:&quot;classic&quot;,&quot;animation&quot;:&quot;fadeIn&quot;}\">\n\t\t\t\t\t\t\t<div class=\"elementor-background-overlay\"><\/div>\n\t\t\t\t\t\t\t<div class=\"elementor-container elementor-column-gap-no\">\n\t\t\t\t\t<div class=\"elementor-column elementor-col-100 elementor-top-column elementor-element elementor-element-6b255cf7\" data-id=\"6b255cf7\" data-element_type=\"column\" data-e-type=\"column\">\n\t\t\t<div class=\"elementor-widget-wrap elementor-element-populated\">\n\t\t\t\t\t\t<div class=\"elementor-element elementor-element-1943ca78 elementor-widget elementor-widget-heading\" data-id=\"1943ca78\" data-element_type=\"widget\" data-e-type=\"widget\" data-widget_type=\"heading.default\">\n\t\t\t\t<div class=\"elementor-widget-container\">\n\t\t\t\t\t<h1 class=\"elementor-heading-title elementor-size-default\">Rohrformteile<\/h1>\t\t\t\t<\/div>\n\t\t\t\t<\/div>\n\t\t\t\t\t<\/div>\n\t\t<\/div>\n\t\t\t\t\t<\/div>\n\t\t<\/section>\n\t\t\t\t<section class=\"elementor-section elementor-top-section elementor-element elementor-element-48fb9d3 elementor-section-content-middle elementor-section-boxed elementor-section-height-default elementor-section-height-default\" data-id=\"48fb9d3\" data-element_type=\"section\" data-e-type=\"section\">\n\t\t\t\t\t\t<div class=\"elementor-container elementor-column-gap-no\">\n\t\t\t\t\t<div class=\"elementor-column elementor-col-50 elementor-top-column elementor-element elementor-element-4357a04\" data-id=\"4357a04\" data-element_type=\"column\" data-e-type=\"column\" data-settings=\"{&quot;animation&quot;:&quot;none&quot;}\">\n\t\t\t<div class=\"elementor-widget-wrap elementor-element-populated\">\n\t\t\t\t\t\t<div class=\"elementor-element elementor-element-4f68408 elementor-widget elementor-widget-heading\" data-id=\"4f68408\" data-element_type=\"widget\" data-e-type=\"widget\" data-widget_type=\"heading.default\">\n\t\t\t\t<div class=\"elementor-widget-container\">\n\t\t\t\t\t<h5 class=\"elementor-heading-title elementor-size-default\">Formenvielfalt!<\/h5>\t\t\t\t<\/div>\n\t\t\t\t<\/div>\n\t\t\t\t<div class=\"elementor-element elementor-element-1690003 elementor-widget elementor-widget-heading\" data-id=\"1690003\" data-element_type=\"widget\" data-e-type=\"widget\" data-widget_type=\"heading.default\">\n\t\t\t\t<div class=\"elementor-widget-container\">\n\t\t\t\t\t<h2 class=\"elementor-heading-title elementor-size-default\">Anspruchsvolle Rohrform-Komponenten<\/h2>\t\t\t\t<\/div>\n\t\t\t\t<\/div>\n\t\t\t\t<div class=\"elementor-element elementor-element-b701e3d elementor-widget elementor-widget-text-editor\" data-id=\"b701e3d\" data-element_type=\"widget\" data-e-type=\"widget\" data-widget_type=\"text-editor.default\">\n\t\t\t\t<div class=\"elementor-widget-container\">\n\t\t\t\t\t\t\t\t\t<p>Hochwertige Bauteile mit beeindruckender Funktionsvielfalt.<br \/>Vielf\u00e4ltige Komponenten aus besonderen Edelstahlrohren<\/p><p><strong>Kompetenzen:<\/strong><\/p>\t\t\t\t\t\t\t\t<\/div>\n\t\t\t\t<\/div>\n\t\t\t\t<div class=\"elementor-element elementor-element-1a99257 elementor-icon-list--layout-traditional elementor-list-item-link-full_width elementor-widget elementor-widget-icon-list\" data-id=\"1a99257\" data-element_type=\"widget\" data-e-type=\"widget\" data-settings=\"{&quot;_animation&quot;:&quot;none&quot;}\" data-widget_type=\"icon-list.default\">\n\t\t\t\t<div class=\"elementor-widget-container\">\n\t\t\t\t\t\t\t<ul class=\"elementor-icon-list-items\">\n\t\t\t\t\t\t\t<li class=\"elementor-icon-list-item\">\n\t\t\t\t\t\t\t\t\t\t\t<span class=\"elementor-icon-list-icon\">\n\t\t\t\t\t\t\t<i aria-hidden=\"true\" class=\"fas fa-check\"><\/i>\t\t\t\t\t\t<\/span>\n\t\t\t\t\t\t\t\t\t\t<span class=\"elementor-icon-list-text\">Bauteile aus Rund-, Vierkant-, Rechteck- und Profilrohren<\/span>\n\t\t\t\t\t\t\t\t\t<\/li>\n\t\t\t\t\t\t\t\t<li class=\"elementor-icon-list-item\">\n\t\t\t\t\t\t\t\t\t\t\t<span class=\"elementor-icon-list-icon\">\n\t\t\t\t\t\t\t<i aria-hidden=\"true\" class=\"fas fa-check\"><\/i>\t\t\t\t\t\t<\/span>\n\t\t\t\t\t\t\t\t\t\t<span class=\"elementor-icon-list-text\">Bauteile aus D\u00fcnnwandrohren<\/span>\n\t\t\t\t\t\t\t\t\t<\/li>\n\t\t\t\t\t\t\t\t<li class=\"elementor-icon-list-item\">\n\t\t\t\t\t\t\t\t\t\t\t<span class=\"elementor-icon-list-icon\">\n\t\t\t\t\t\t\t<i aria-hidden=\"true\" class=\"fas fa-check\"><\/i>\t\t\t\t\t\t<\/span>\n\t\t\t\t\t\t\t\t\t\t<span class=\"elementor-icon-list-text\">Bauteile mit Mehrfachverwendung, als Doppelwandrohr zur Hitzeisolierung, Schalld\u00e4mmung und Verst\u00e4rkung<\/span>\n\t\t\t\t\t\t\t\t\t<\/li>\n\t\t\t\t\t\t\t\t<li class=\"elementor-icon-list-item\">\n\t\t\t\t\t\t\t\t\t\t\t<span class=\"elementor-icon-list-icon\">\n\t\t\t\t\t\t\t<i aria-hidden=\"true\" class=\"fas fa-check\"><\/i>\t\t\t\t\t\t<\/span>\n\t\t\t\t\t\t\t\t\t\t<span class=\"elementor-icon-list-text\">Bauteilen mit strukturierten Oberfl\u00e4chen<\/span>\n\t\t\t\t\t\t\t\t\t<\/li>\n\t\t\t\t\t\t\t\t<li class=\"elementor-icon-list-item\">\n\t\t\t\t\t\t\t\t\t\t\t<span class=\"elementor-icon-list-icon\">\n\t\t\t\t\t\t\t<i aria-hidden=\"true\" class=\"fas fa-check\"><\/i>\t\t\t\t\t\t<\/span>\n\t\t\t\t\t\t\t\t\t\t<span class=\"elementor-icon-list-text\">Komplexe Baugruppen in der vom Kunden vorgegebenen Fertigungstiefe, Automatisierungen f\u00fcr Grosserien<\/span>\n\t\t\t\t\t\t\t\t\t<\/li>\n\t\t\t\t\t\t\t\t<li class=\"elementor-icon-list-item\">\n\t\t\t\t\t\t\t\t\t\t\t<span class=\"elementor-icon-list-icon\">\n\t\t\t\t\t\t\t<i aria-hidden=\"true\" class=\"fas fa-check\"><\/i>\t\t\t\t\t\t<\/span>\n\t\t\t\t\t\t\t\t\t\t<span class=\"elementor-icon-list-text\">IHU oder Hydroforming-Bauteile \u2013 Stabilit\u00e4t im Leichtbau \u2013 Platzsparende Umformungen \u2013 Engste Radien und Bauformen<\/span>\n\t\t\t\t\t\t\t\t\t<\/li>\n\t\t\t\t\t\t<\/ul>\n\t\t\t\t\t\t<\/div>\n\t\t\t\t<\/div>\n\t\t\t\t<div class=\"elementor-element elementor-element-1a7ff56 elementor-widget elementor-widget-text-editor\" data-id=\"1a7ff56\" data-element_type=\"widget\" data-e-type=\"widget\" data-widget_type=\"text-editor.default\">\n\t\t\t\t<div class=\"elementor-widget-container\">\n\t\t\t\t\t\t\t\t\t<p><strong>F\u00fcr Ihre komplexen Aufgaben finden wir die richtige L\u00f6sung!<br \/>Partnerschaft und Zuverl\u00e4ssigkeit, technologisch und wirtschaftlich optimierte Fertigungsverfahren.<br \/><\/strong><\/p>\t\t\t\t\t\t\t\t<\/div>\n\t\t\t\t<\/div>\n\t\t\t\t\t<\/div>\n\t\t<\/div>\n\t\t\t\t<div class=\"elementor-column elementor-col-50 elementor-top-column elementor-element elementor-element-5fb8c6b elementor-invisible\" data-id=\"5fb8c6b\" data-element_type=\"column\" data-e-type=\"column\" data-settings=\"{&quot;background_background&quot;:&quot;gradient&quot;,&quot;animation&quot;:&quot;fadeIn&quot;}\">\n\t\t\t<div class=\"elementor-widget-wrap elementor-element-populated\">\n\t\t\t\t\t<div class=\"elementor-background-overlay\"><\/div>\n\t\t\t\t\t\t<div class=\"elementor-element elementor-element-f005336 uael-img-carousel-arrow-inside uael-ins-normal elementor-widget elementor-widget-uael-image-gallery\" data-id=\"f005336\" data-element_type=\"widget\" data-e-type=\"widget\" data-settings=\"{&quot;_animation&quot;:&quot;none&quot;,&quot;slides_to_show&quot;:1,&quot;slides_to_show_tablet&quot;:3,&quot;slides_to_show_mobile&quot;:2,&quot;slides_to_scroll&quot;:1,&quot;slides_to_scroll_tablet&quot;:1,&quot;slides_to_scroll_mobile&quot;:1,&quot;column_gap&quot;:{&quot;unit&quot;:&quot;px&quot;,&quot;size&quot;:20,&quot;sizes&quot;:[]},&quot;column_gap_tablet&quot;:{&quot;unit&quot;:&quot;px&quot;,&quot;size&quot;:&quot;&quot;,&quot;sizes&quot;:[]},&quot;column_gap_mobile&quot;:{&quot;unit&quot;:&quot;px&quot;,&quot;size&quot;:&quot;&quot;,&quot;sizes&quot;:[]},&quot;overlay_icon_size_hover&quot;:{&quot;unit&quot;:&quot;px&quot;,&quot;size&quot;:40,&quot;sizes&quot;:[]},&quot;overlay_icon_size_hover_tablet&quot;:{&quot;unit&quot;:&quot;px&quot;,&quot;size&quot;:&quot;&quot;,&quot;sizes&quot;:[]},&quot;overlay_icon_size_hover_mobile&quot;:{&quot;unit&quot;:&quot;px&quot;,&quot;size&quot;:&quot;&quot;,&quot;sizes&quot;:[]}}\" data-widget_type=\"uael-image-gallery.default\">\n\t\t\t\t<div class=\"elementor-widget-container\">\n\t\t\t\t\t<div class=\"uael-gallery-parent uael-caption- uael-gallery-unjustified\"><div data-image_carousel=\"{&quot;slidesToShow&quot;:1,&quot;slidesToScroll&quot;:1,&quot;autoplaySpeed&quot;:3500,&quot;autoplay&quot;:true,&quot;infinite&quot;:true,&quot;pauseOnHover&quot;:true,&quot;speed&quot;:500,&quot;arrows&quot;:true,&quot;dots&quot;:true,&quot;rtl&quot;:false,&quot;responsive&quot;:[{&quot;breakpoint&quot;:1024,&quot;settings&quot;:{&quot;slidesToShow&quot;:3,&quot;slidesToScroll&quot;:1}},{&quot;breakpoint&quot;:767,&quot;settings&quot;:{&quot;slidesToShow&quot;:2,&quot;slidesToScroll&quot;:1}}]}\" class=\"uael-img-gallery-wrap uael-img-carousel-wrap uael-nav-both uael-image-lightbox-wrap\" data-filter-default=\"All\" data-lightbox_actions=\"[&quot;close&quot;]\" data-lightbox-gallery-loop=\"\"><div class=\"uael-grid-item  uael-img-gallery-item-1\"><div class=\"uael-grid-item-content\"><a class=\"uael-grid-img uael-grid-gallery-img uael-ins-hover elementor-clickable\" data-fancybox=\"uael-gallery\" href=\"https:\/\/steinergmbh.de\/wp-content\/uploads\/rohrformteile-edelstahl-3.jpg\" data-elementor-open-lightbox=\"no\"><div class=\"uael-grid-img-thumbnail uael-ins-target\"><img fetchpriority=\"high\" decoding=\"async\" width=\"1024\" height=\"684\" src=\"https:\/\/steinergmbh.de\/wp-content\/uploads\/rohrformteile-edelstahl-3.jpg\" class=\"attachment-full size-full wp-image-957\" alt=\"Rohrformteile\" srcset=\"https:\/\/steinergmbh.de\/wp-content\/uploads\/rohrformteile-edelstahl-3.jpg 1024w, https:\/\/steinergmbh.de\/wp-content\/uploads\/rohrformteile-edelstahl-3-300x200.jpg 300w, https:\/\/steinergmbh.de\/wp-content\/uploads\/rohrformteile-edelstahl-3-768x513.jpg 768w\" sizes=\"(max-width: 1024px) 100vw, 1024px\" \/><\/div><div class=\"uael-grid-img-overlay\"><span class=\"uael-overlay-icon\"><i aria-hidden=\"true\" class=\"fa fa-search\"><\/i><\/span><\/div><\/a><\/div><\/div><div class=\"uael-grid-item  uael-img-gallery-item-2\"><div class=\"uael-grid-item-content\"><a class=\"uael-grid-img uael-grid-gallery-img uael-ins-hover elementor-clickable\" data-fancybox=\"uael-gallery\" href=\"https:\/\/steinergmbh.de\/wp-content\/uploads\/rohrformteile-edelstahl-2.jpg\" data-elementor-open-lightbox=\"no\"><div class=\"uael-grid-img-thumbnail uael-ins-target\"><img decoding=\"async\" width=\"1024\" height=\"684\" src=\"https:\/\/steinergmbh.de\/wp-content\/uploads\/rohrformteile-edelstahl-2.jpg\" class=\"attachment-full size-full wp-image-956\" alt=\"Rohrformteile\" srcset=\"https:\/\/steinergmbh.de\/wp-content\/uploads\/rohrformteile-edelstahl-2.jpg 1024w, https:\/\/steinergmbh.de\/wp-content\/uploads\/rohrformteile-edelstahl-2-300x200.jpg 300w, https:\/\/steinergmbh.de\/wp-content\/uploads\/rohrformteile-edelstahl-2-768x513.jpg 768w\" sizes=\"(max-width: 1024px) 100vw, 1024px\" \/><\/div><div class=\"uael-grid-img-overlay\"><span class=\"uael-overlay-icon\"><i aria-hidden=\"true\" class=\"fa fa-search\"><\/i><\/span><\/div><\/a><\/div><\/div><div class=\"uael-grid-item  uael-img-gallery-item-3\"><div class=\"uael-grid-item-content\"><a class=\"uael-grid-img uael-grid-gallery-img uael-ins-hover elementor-clickable\" data-fancybox=\"uael-gallery\" href=\"https:\/\/steinergmbh.de\/wp-content\/uploads\/rohrformteile-edelstahl-1.jpg\" data-elementor-open-lightbox=\"no\"><div class=\"uael-grid-img-thumbnail uael-ins-target\"><img decoding=\"async\" width=\"1024\" height=\"684\" src=\"https:\/\/steinergmbh.de\/wp-content\/uploads\/rohrformteile-edelstahl-1.jpg\" class=\"attachment-full size-full wp-image-955\" alt=\"Rohrformteile\" srcset=\"https:\/\/steinergmbh.de\/wp-content\/uploads\/rohrformteile-edelstahl-1.jpg 1024w, https:\/\/steinergmbh.de\/wp-content\/uploads\/rohrformteile-edelstahl-1-300x200.jpg 300w, https:\/\/steinergmbh.de\/wp-content\/uploads\/rohrformteile-edelstahl-1-768x513.jpg 768w\" sizes=\"(max-width: 1024px) 100vw, 1024px\" \/><\/div><div class=\"uael-grid-img-overlay\"><span class=\"uael-overlay-icon\"><i aria-hidden=\"true\" class=\"fa fa-search\"><\/i><\/span><\/div><\/a><\/div><\/div><\/div><\/div>\t\t\t\t<\/div>\n\t\t\t\t<\/div>\n\t\t\t\t\t<\/div>\n\t\t<\/div>\n\t\t\t\t\t<\/div>\n\t\t<\/section>\n\t\t\t\t<section class=\"elementor-section elementor-top-section elementor-element elementor-element-73308f15 elementor-section-boxed elementor-section-height-default elementor-section-height-default\" data-id=\"73308f15\" data-element_type=\"section\" data-e-type=\"section\" data-settings=\"{&quot;background_background&quot;:&quot;classic&quot;}\">\n\t\t\t\t\t\t<div class=\"elementor-container elementor-column-gap-default\">\n\t\t\t\t\t<div class=\"elementor-column elementor-col-25 elementor-top-column elementor-element elementor-element-63eeb6c\" data-id=\"63eeb6c\" data-element_type=\"column\" data-e-type=\"column\">\n\t\t\t<div class=\"elementor-widget-wrap\">\n\t\t\t\t\t\t\t<\/div>\n\t\t<\/div>\n\t\t\t\t<div class=\"elementor-column elementor-col-25 elementor-top-column elementor-element elementor-element-5acbd372\" data-id=\"5acbd372\" data-element_type=\"column\" data-e-type=\"column\">\n\t\t\t<div class=\"elementor-widget-wrap elementor-element-populated\">\n\t\t\t\t\t\t<div class=\"elementor-element elementor-element-27f46cca elementor-widget elementor-widget-heading\" data-id=\"27f46cca\" data-element_type=\"widget\" data-e-type=\"widget\" data-widget_type=\"heading.default\">\n\t\t\t\t<div class=\"elementor-widget-container\">\n\t\t\t\t\t<h3 class=\"elementor-heading-title elementor-size-default\">Sie ben\u00f6tigen eine inviduelle L\u00f6sung?<\/h3>\t\t\t\t<\/div>\n\t\t\t\t<\/div>\n\t\t\t\t\t<\/div>\n\t\t<\/div>\n\t\t\t\t<div class=\"elementor-column elementor-col-25 elementor-top-column elementor-element elementor-element-722f0319\" data-id=\"722f0319\" data-element_type=\"column\" data-e-type=\"column\">\n\t\t\t<div class=\"elementor-widget-wrap elementor-element-populated\">\n\t\t\t\t\t\t<div class=\"elementor-element elementor-element-333953a5 elementor-align-center elementor-widget elementor-widget-button\" data-id=\"333953a5\" data-element_type=\"widget\" data-e-type=\"widget\" data-widget_type=\"button.default\">\n\t\t\t\t<div class=\"elementor-widget-container\">\n\t\t\t\t\t\t\t\t\t<div class=\"elementor-button-wrapper\">\n\t\t\t\t\t<a class=\"elementor-button elementor-button-link elementor-size-md\" href=\"\/kontakt\">\n\t\t\t\t\t\t<span class=\"elementor-button-content-wrapper\">\n\t\t\t\t\t\t\t\t\t<span class=\"elementor-button-text\">Kontaktieren Sie uns!<\/span>\n\t\t\t\t\t<\/span>\n\t\t\t\t\t<\/a>\n\t\t\t\t<\/div>\n\t\t\t\t\t\t\t\t<\/div>\n\t\t\t\t<\/div>\n\t\t\t\t\t<\/div>\n\t\t<\/div>\n\t\t\t\t<div class=\"elementor-column elementor-col-25 elementor-top-column elementor-element elementor-element-1a6b7458\" data-id=\"1a6b7458\" data-element_type=\"column\" data-e-type=\"column\">\n\t\t\t<div class=\"elementor-widget-wrap\">\n\t\t\t\t\t\t\t<\/div>\n\t\t<\/div>\n\t\t\t\t\t<\/div>\n\t\t<\/section>\n\t\t\t\t<\/div>\n\t\t","protected":false},"excerpt":{"rendered":"<p>Rohrformteile Formenvielfalt! Anspruchsvolle Rohrform-Komponenten Hochwertige Bauteile mit beeindruckender Funktionsvielfalt. Vielf\u00e4ltige Komponenten aus besonderen Edelstahlrohren Kompetenzen: Bauteile aus Rund-, Vierkant-, Rechteck- und Profilrohren Bauteile aus D\u00fcnnwandrohren Bauteile mit Mehrfachverwendung, als Doppelwandrohr zur Hitzeisolierung, Schalld\u00e4mmung und Verst\u00e4rkung Bauteilen mit strukturierten Oberfl\u00e4chen Komplexe Baugruppen in der vom Kunden vorgegebenen Fertigungstiefe, Automatisierungen f\u00fcr Grosserien IHU oder Hydroforming-Bauteile \u2013 Stabilit\u00e4t [&hellip;]<\/p>\n","protected":false},"author":33,"featured_media":0,"parent":0,"menu_order":0,"comment_status":"closed","ping_status":"closed","template":"","meta":{"_seopress_robots_primary_cat":"","_seopress_titles_title":"Rohrformteile \u2013 konventionelle Umformung und IHU","_seopress_titles_desc":"Mittels einer Vielzahl von konventionellen Rohrbearbeitungsprozessen sowie der Innenhochdruckumformung, produzieren wir die Bauteile kosteneffizient und nach Ihren spezifischen Anforderungen.","_seopress_robots_index":"","site-sidebar-layout":"no-sidebar","site-content-layout":"page-builder","ast-site-content-layout":"","site-content-style":"default","site-sidebar-style":"default","ast-global-header-display":"","ast-banner-title-visibility":"","ast-main-header-display":"","ast-hfb-above-header-display":"","ast-hfb-below-header-display":"","ast-hfb-mobile-header-display":"","site-post-title":"disabled","ast-breadcrumbs-content":"","ast-featured-img":"disabled","footer-sml-layout":"","theme-transparent-header-meta":"default","adv-header-id-meta":"","stick-header-meta":"default","header-above-stick-meta":"","header-main-stick-meta":"","header-below-stick-meta":"","astra-migrate-meta-layouts":"default","ast-page-background-enabled":"default","ast-page-background-meta":{"desktop":{"background-color":"","background-image":"","background-repeat":"repeat","background-position":"center center","background-size":"auto","background-attachment":"scroll","background-type":"","background-media":"","overlay-type":"","overlay-color":"","overlay-opacity":"","overlay-gradient":""},"tablet":{"background-color":"","background-image":"","background-repeat":"repeat","background-position":"center center","background-size":"auto","background-attachment":"scroll","background-type":"","background-media":"","overlay-type":"","overlay-color":"","overlay-opacity":"","overlay-gradient":""},"mobile":{"background-color":"","background-image":"","background-repeat":"repeat","background-position":"center center","background-size":"auto","background-attachment":"scroll","background-type":"","background-media":"","overlay-type":"","overlay-color":"","overlay-opacity":"","overlay-gradient":""}},"ast-content-background-meta":{"desktop":{"background-color":"var(--ast-global-color-5)","background-image":"","background-repeat":"repeat","background-position":"center center","background-size":"auto","background-attachment":"scroll","background-type":"","background-media":"","overlay-type":"","overlay-color":"","overlay-opacity":"","overlay-gradient":""},"tablet":{"background-color":"var(--ast-global-color-5)","background-image":"","background-repeat":"repeat","background-position":"center center","background-size":"auto","background-attachment":"scroll","background-type":"","background-media":"","overlay-type":"","overlay-color":"","overlay-opacity":"","overlay-gradient":""},"mobile":{"background-color":"var(--ast-global-color-5)","background-image":"","background-repeat":"repeat","background-position":"center center","background-size":"auto","background-attachment":"scroll","background-type":"","background-media":"","overlay-type":"","overlay-color":"","overlay-opacity":"","overlay-gradient":""}},"footnotes":""},"class_list":["post-242","page","type-page","status-publish","hentry"],"_links":{"self":[{"href":"https:\/\/steinergmbh.de\/en\/wp-json\/wp\/v2\/pages\/242","targetHints":{"allow":["GET"]}}],"collection":[{"href":"https:\/\/steinergmbh.de\/en\/wp-json\/wp\/v2\/pages"}],"about":[{"href":"https:\/\/steinergmbh.de\/en\/wp-json\/wp\/v2\/types\/page"}],"author":[{"embeddable":true,"href":"https:\/\/steinergmbh.de\/en\/wp-json\/wp\/v2\/users\/33"}],"replies":[{"embeddable":true,"href":"https:\/\/steinergmbh.de\/en\/wp-json\/wp\/v2\/comments?post=242"}],"version-history":[{"count":0,"href":"https:\/\/steinergmbh.de\/en\/wp-json\/wp\/v2\/pages\/242\/revisions"}],"wp:attachment":[{"href":"https:\/\/steinergmbh.de\/en\/wp-json\/wp\/v2\/media?parent=242"}],"curies":[{"name":"wp","href":"https:\/\/api.w.org\/{rel}","templated":true}]}}